{"id":163,"date":"2021-02-22T17:39:14","date_gmt":"2021-02-22T17:39:14","guid":{"rendered":"http:\/\/fito-gr.moskout-scientific.com\/wp\/?page_id=163"},"modified":"2021-02-25T18:02:35","modified_gmt":"2021-02-25T18:02:35","slug":"racoes","status":"publish","type":"page","link":"https:\/\/fito-gr.moskout-scientific.com\/wp\/racoes\/","title":{"rendered":"Ra\u00e7\u00f5es"},"content":{"rendered":"\n<div class=\"wp-block-ugb-feature ugb-feature ugb-31565fc ugb-feature--v2 ugb-feature--design-plain ugb-main-block\"><style>.ugb-31565fc .ugb-feature__title{font-size:40px !important}@media screen and (min-width:768px){.ugb-31565fc .ugb-img{width:247px;height:auto !important}}<\/style><div class=\"ugb-inner-block\"><div class=\"ugb-block-content\"><div class=\"ugb-feature__item\"><div class=\"ugb-feature__content\"><h2 class=\"ugb-feature__title\">Optimiza\u00e7\u00e3o de recursos<\/h2><p class=\"ugb-feature__description\">Como s\u00f3 temos um planeta de recursos limitados, resolvemos rentabilizar ao m\u00e1ximo os nossos processos e implementar uma pol\u00edtica de desperd\u00edcio zero. Assim, todos os excedentes da explora\u00e7\u00e3o agr\u00edcola, foram canalizados para a cria\u00e7\u00e3o de uma linha de ra\u00e7\u00f5es mais saud\u00e1veis para os animais. <\/p><\/div><div class=\"ugb-feature__image-side\"><img decoding=\"async\" class=\"ugb-feature__image ugb-img wp-image-249\" src=\"http:\/\/fito-gr.moskout-scientific.com\/wp\/wp-content\/uploads\/2021\/02\/logo-gr-racoes-2.jpg\" alt=\"Ra\u00e7\u00f5es GR\" height=\"300\"\/><\/div><\/div><\/div><\/div><\/div>\n\n\n\n<div class=\"wp-block-ugb-columns ugb-columns ugb-31ab6ee ugb-columns--design-plain ugb-columns--columns-3 ugb-main-block\"><div class=\"ugb-inner-block\"><div class=\"ugb-block-content\"><div class=\"ugb-columns__item ugb-31ab6ee-content-wrapper\">\n<div class=\"wp-block-ugb-column ugb-column ugb-cac3b2f ugb-column--design-plain ugb-main-block\"><div class=\"ugb-inner-block\"><div class=\"ugb-block-content\"><div class=\"ugb-column__item ugb-cac3b2f-column-wrapper\"><div class=\"ugb-column__content-wrapper\">\n<div class=\"wp-block-image\"><figure class=\"aligncenter size-large\"><img loading=\"lazy\" decoding=\"async\" width=\"566\" height=\"1024\" src=\"http:\/\/fito-gr.moskout-scientific.com\/wp\/wp-content\/uploads\/2021\/02\/Imagem-saca-566x1024.png\" alt=\"\" class=\"wp-image-305\" srcset=\"https:\/\/fito-gr.moskout-scientific.com\/wp\/wp-content\/uploads\/2021\/02\/Imagem-saca-566x1024.png 566w, https:\/\/fito-gr.moskout-scientific.com\/wp\/wp-content\/uploads\/2021\/02\/Imagem-saca-166x300.png 166w, https:\/\/fito-gr.moskout-scientific.com\/wp\/wp-content\/uploads\/2021\/02\/Imagem-saca-768x1391.png 768w, https:\/\/fito-gr.moskout-scientific.com\/wp\/wp-content\/uploads\/2021\/02\/Imagem-saca-848x1536.png 848w, https:\/\/fito-gr.moskout-scientific.com\/wp\/wp-content\/uploads\/2021\/02\/Imagem-saca-1131x2048.png 1131w, https:\/\/fito-gr.moskout-scientific.com\/wp\/wp-content\/uploads\/2021\/02\/Imagem-saca.png 1717w\" sizes=\"auto, (max-width: 566px) 100vw, 566px\" \/><\/figure><\/div>\n<\/div><\/div><\/div><\/div><\/div>\n\n\n\n<div class=\"wp-block-ugb-column ugb-column ugb-6bfaacc ugb-column--design-plain ugb-main-block\"><div class=\"ugb-inner-block\"><div class=\"ugb-block-content\"><div class=\"ugb-column__item ugb-6bfaacc-column-wrapper\"><div class=\"ugb-column__content-wrapper\">\n<div class=\"wp-block-uagb-info-box uagb-infobox__outer-wrap uagb-block-61f2b294\"><div class=\"uagb-infobox__content-wrap uagb-infobox uagb-infobox-has-image uagb-infobox-icon-above-title uagb-infobox-image-valign-top uagb-infobox-enable-border-radius \"><div class=\"uagb-ifb-left-right-wrap\"><div class=\"uagb-ifb-content\"><div class=\"uagb-ifb-image-icon-content uagb-ifb-imgicon-wrap\"><div class=\"uagb-ifb-image\"><div class=\"uagb-ifb-image-content\"><img decoding=\"async\" class=\"uagb-ifb-img-src\" src=\"http:\/\/fito-gr.moskout-scientific.com\/wp\/wp-content\/uploads\/2021\/02\/vaca-icon-1.png\" alt=\"Fito GR\"\/><\/div><\/div><\/div><div class=\"uagb-ifb-title-wrap\"><h4 class=\"uagb-ifb-title\">Bovinos<\/h4><\/div><div class=\"uagb-ifb-separator-parent\"><div class=\"uagb-ifb-separator\"><\/div><\/div><div class=\"uagb-ifb-text-wrap\"><p class=\"uagb-ifb-desc\">NUT 310, NUT 330 e NUT 400<\/p><\/div><\/div><\/div><\/div><\/div>\n\n\n\n<div class=\"wp-block-uagb-info-box uagb-infobox__outer-wrap uagb-block-6330cfc1\"><div class=\"uagb-infobox__content-wrap uagb-infobox uagb-infobox-has-image uagb-infobox-icon-above-title uagb-infobox-image-valign-top uagb-infobox-enable-border-radius \"><div class=\"uagb-ifb-left-right-wrap\"><div class=\"uagb-ifb-content\"><div class=\"uagb-ifb-image-icon-content uagb-ifb-imgicon-wrap\"><div class=\"uagb-ifb-image\"><div class=\"uagb-ifb-image-content\"><img decoding=\"async\" class=\"uagb-ifb-img-src\" src=\"http:\/\/fito-gr.moskout-scientific.com\/wp\/wp-content\/uploads\/2021\/02\/ovelha-icon.png\" alt=\"Fito GR\"\/><\/div><\/div><\/div><div class=\"uagb-ifb-title-wrap\"><h4 class=\"uagb-ifb-title\">Ovinos<\/h4><\/div><div class=\"uagb-ifb-separator-parent\"><div class=\"uagb-ifb-separator\"><\/div><\/div><div class=\"uagb-ifb-text-wrap\"><p class=\"uagb-ifb-desc\">OVIGAR<\/p><\/div><\/div><\/div><\/div><\/div>\n\n\n\n<div class=\"wp-block-uagb-info-box uagb-infobox__outer-wrap uagb-block-55c0d440\"><div class=\"uagb-infobox__content-wrap uagb-infobox uagb-infobox-has-image uagb-infobox-icon-above-title uagb-infobox-image-valign-top uagb-infobox-enable-border-radius \"><div class=\"uagb-ifb-left-right-wrap\"><div class=\"uagb-ifb-content\"><div class=\"uagb-ifb-image-icon-content uagb-ifb-imgicon-wrap\"><div class=\"uagb-ifb-image\"><div class=\"uagb-ifb-image-content\"><img decoding=\"async\" class=\"uagb-ifb-img-src\" src=\"http:\/\/fito-gr.moskout-scientific.com\/wp\/wp-content\/uploads\/2021\/02\/porco-icon.png\" alt=\"Fito GR\"\/><\/div><\/div><\/div><div class=\"uagb-ifb-title-wrap\"><h4 class=\"uagb-ifb-title\">Su\u00ednos<\/h4><\/div><div class=\"uagb-ifb-separator-parent\"><div class=\"uagb-ifb-separator\"><\/div><\/div><div class=\"uagb-ifb-text-wrap\"><p class=\"uagb-ifb-desc\">IBER 50<\/p><\/div><\/div><\/div><\/div><\/div>\n<\/div><\/div><\/div><\/div><\/div>\n\n\n\n<div class=\"wp-block-ugb-column ugb-column ugb-530272f ugb-column--design-plain ugb-main-block\"><div class=\"ugb-inner-block\"><div class=\"ugb-block-content\"><div class=\"ugb-column__item ugb-530272f-column-wrapper\"><div class=\"ugb-column__content-wrapper\">\n<div class=\"wp-block-uagb-info-box uagb-infobox__outer-wrap uagb-block-5961e4b9\"><div class=\"uagb-infobox__content-wrap uagb-infobox uagb-infobox-has-image uagb-infobox-icon-above-title uagb-infobox-image-valign-top uagb-infobox-enable-border-radius \"><div class=\"uagb-ifb-left-right-wrap\"><div class=\"uagb-ifb-content\"><div class=\"uagb-ifb-image-icon-content uagb-ifb-imgicon-wrap\"><div class=\"uagb-ifb-image\"><div class=\"uagb-ifb-image-content\"><img decoding=\"async\" class=\"uagb-ifb-img-src\" src=\"http:\/\/fito-gr.moskout-scientific.com\/wp\/wp-content\/uploads\/2021\/02\/aves-icon.png\" alt=\"Fito GR\"\/><\/div><\/div><\/div><div class=\"uagb-ifb-title-wrap\"><h4 class=\"uagb-ifb-title\">Aves<\/h4><\/div><div class=\"uagb-ifb-separator-parent\"><div class=\"uagb-ifb-separator\"><\/div><\/div><div class=\"uagb-ifb-text-wrap\"><p class=\"uagb-ifb-desc\">CA\u00c7A<\/p><\/div><\/div><\/div><\/div><\/div>\n\n\n\n<div class=\"wp-block-uagb-info-box uagb-infobox__outer-wrap uagb-block-e996d5d8\"><div class=\"uagb-infobox__content-wrap uagb-infobox uagb-infobox-has-image uagb-infobox-icon-above-title uagb-infobox-image-valign-top uagb-infobox-enable-border-radius \"><div class=\"uagb-ifb-left-right-wrap\"><div class=\"uagb-ifb-content\"><div class=\"uagb-ifb-image-icon-content uagb-ifb-imgicon-wrap\"><div class=\"uagb-ifb-image\"><div class=\"uagb-ifb-image-content\"><img decoding=\"async\" class=\"uagb-ifb-img-src\" src=\"http:\/\/fito-gr.moskout-scientific.com\/wp\/wp-content\/uploads\/2021\/02\/cavalo-icon.png\" alt=\"Fito GR\"\/><\/div><\/div><\/div><div class=\"uagb-ifb-title-wrap\"><h4 class=\"uagb-ifb-title\">Equinos<\/h4><\/div><div class=\"uagb-ifb-separator-parent\"><div class=\"uagb-ifb-separator\"><\/div><\/div><div class=\"uagb-ifb-text-wrap\"><p class=\"uagb-ifb-desc\">EQUINOGAR<\/p><\/div><\/div><\/div><\/div><\/div>\n<\/div><\/div><\/div><\/div><\/div>\n<\/div><\/div><\/div><\/div>\n\n\n\n<div class=\"wp-block-ugb-columns ugb-columns ugb-c2ae873 ugb-columns--design-plain ugb-columns--columns-2 ugb-main-block\"><div class=\"ugb-inner-block\"><div class=\"ugb-block-content\"><div class=\"ugb-columns__item ugb-c2ae873-content-wrapper\">\n<div class=\"wp-block-ugb-column ugb-column ugb-0eb750a ugb-column--design-plain ugb-main-block\"><div class=\"ugb-inner-block\"><div class=\"ugb-block-content\"><div class=\"ugb-column__item ugb-0eb750a-column-wrapper\"><div class=\"ugb-column__content-wrapper\"><\/div><\/div><\/div><\/div><\/div>\n\n\n\n<div class=\"wp-block-ugb-column ugb-column ugb-c65e567 ugb-column--design-plain ugb-main-block\"><div class=\"ugb-inner-block\"><div class=\"ugb-block-content\"><div class=\"ugb-column__item ugb-c65e567-column-wrapper\"><div class=\"ugb-column__content-wrapper\"><\/div><\/div><\/div><\/div><\/div>\n<\/div><\/div><\/div><\/div>\n","protected":false},"excerpt":{"rendered":"","protected":false},"author":1,"featured_media":258,"parent":0,"menu_order":0,"comment_status":"closed","ping_status":"closed","template":"page-templates\/no-sidebar.php","meta":{"footnotes":""},"class_list":["post-163","page","type-page","status-publish","has-post-thumbnail","hentry"],"featured_image_urls":{"full":["https:\/\/fito-gr.moskout-scientific.com\/wp\/wp-content\/uploads\/2021\/02\/juan-i-riera-Xh8wy0jin1I-unsplash-filtro-scaled.jpg",2560,1707,false],"thumbnail":["https:\/\/fito-gr.moskout-scientific.com\/wp\/wp-content\/uploads\/2021\/02\/juan-i-riera-Xh8wy0jin1I-unsplash-filtro-150x150.jpg",150,150,true],"medium":["https:\/\/fito-gr.moskout-scientific.com\/wp\/wp-content\/uploads\/2021\/02\/juan-i-riera-Xh8wy0jin1I-unsplash-filtro-300x200.jpg",300,200,true],"medium_large":["https:\/\/fito-gr.moskout-scientific.com\/wp\/wp-content\/uploads\/2021\/02\/juan-i-riera-Xh8wy0jin1I-unsplash-filtro-768x512.jpg",640,427,true],"large":["https:\/\/fito-gr.moskout-scientific.com\/wp\/wp-content\/uploads\/2021\/02\/juan-i-riera-Xh8wy0jin1I-unsplash-filtro-1024x683.jpg",640,427,true],"1536x1536":["https:\/\/fito-gr.moskout-scientific.com\/wp\/wp-content\/uploads\/2021\/02\/juan-i-riera-Xh8wy0jin1I-unsplash-filtro-1536x1024.jpg",1536,1024,true],"2048x2048":["https:\/\/fito-gr.moskout-scientific.com\/wp\/wp-content\/uploads\/2021\/02\/juan-i-riera-Xh8wy0jin1I-unsplash-filtro-2048x1365.jpg",2048,1365,true],"illdy-blog-list":["https:\/\/fito-gr.moskout-scientific.com\/wp\/wp-content\/uploads\/2021\/02\/juan-i-riera-Xh8wy0jin1I-unsplash-filtro-750x500.jpg",750,500,true],"illdy-widget-recent-posts":["https:\/\/fito-gr.moskout-scientific.com\/wp\/wp-content\/uploads\/2021\/02\/juan-i-riera-Xh8wy0jin1I-unsplash-filtro-70x70.jpg",70,70,true],"illdy-blog-post-related-articles":["https:\/\/fito-gr.moskout-scientific.com\/wp\/wp-content\/uploads\/2021\/02\/juan-i-riera-Xh8wy0jin1I-unsplash-filtro-240x206.jpg",240,206,true],"illdy-front-page-latest-news":["https:\/\/fito-gr.moskout-scientific.com\/wp\/wp-content\/uploads\/2021\/02\/juan-i-riera-Xh8wy0jin1I-unsplash-filtro-250x213.jpg",250,213,true],"illdy-front-page-testimonials":["https:\/\/fito-gr.moskout-scientific.com\/wp\/wp-content\/uploads\/2021\/02\/juan-i-riera-Xh8wy0jin1I-unsplash-filtro-127x127.jpg",127,127,true],"illdy-front-page-projects":["https:\/\/fito-gr.moskout-scientific.com\/wp\/wp-content\/uploads\/2021\/02\/juan-i-riera-Xh8wy0jin1I-unsplash-filtro-476x476.jpg",476,476,true],"illdy-front-page-person":["https:\/\/fito-gr.moskout-scientific.com\/wp\/wp-content\/uploads\/2021\/02\/juan-i-riera-Xh8wy0jin1I-unsplash-filtro-125x125.jpg",125,125,true],"form-edit-image-preview":["https:\/\/fito-gr.moskout-scientific.com\/wp\/wp-content\/uploads\/2021\/02\/juan-i-riera-Xh8wy0jin1I-unsplash-filtro-scaled.jpg",174,116,false]},"post_excerpt_stackable":"<p>Optimiza\u00e7\u00e3o de recursosComo s\u00f3 temos um planeta de recursos limitados, resolvemos rentabilizar ao m\u00e1ximo os nossos processos e implementar uma pol\u00edtica de desperd\u00edcio zero. Assim, todos os excedentes da explora\u00e7\u00e3o agr\u00edcola, foram canalizados para a cria\u00e7\u00e3o de uma linha de ra\u00e7\u00f5es mais saud\u00e1veis para os animais. BovinosNUT 310, NUT 330 e NUT 400 OvinosOVIGAR Su\u00ednosIBER 50 AvesCA\u00c7A EquinosEQUINOGAR<\/p>\n","category_list":"","author_info":{"name":"adm-fito-gr","url":"https:\/\/fito-gr.moskout-scientific.com\/wp\/author\/adm-fito-gr\/"},"comments_num":"0 comments","uagb_featured_image_src":{"full":["https:\/\/fito-gr.moskout-scientific.com\/wp\/wp-content\/uploads\/2021\/02\/juan-i-riera-Xh8wy0jin1I-unsplash-filtro-scaled.jpg",2560,1707,false],"thumbnail":["https:\/\/fito-gr.moskout-scientific.com\/wp\/wp-content\/uploads\/2021\/02\/juan-i-riera-Xh8wy0jin1I-unsplash-filtro-150x150.jpg",150,150,true],"medium":["https:\/\/fito-gr.moskout-scientific.com\/wp\/wp-content\/uploads\/2021\/02\/juan-i-riera-Xh8wy0jin1I-unsplash-filtro-300x200.jpg",300,200,true],"medium_large":["https:\/\/fito-gr.moskout-scientific.com\/wp\/wp-content\/uploads\/2021\/02\/juan-i-riera-Xh8wy0jin1I-unsplash-filtro-768x512.jpg",640,427,true],"large":["https:\/\/fito-gr.moskout-scientific.com\/wp\/wp-content\/uploads\/2021\/02\/juan-i-riera-Xh8wy0jin1I-unsplash-filtro-1024x683.jpg",640,427,true],"1536x1536":["https:\/\/fito-gr.moskout-scientific.com\/wp\/wp-content\/uploads\/2021\/02\/juan-i-riera-Xh8wy0jin1I-unsplash-filtro-1536x1024.jpg",1536,1024,true],"2048x2048":["https:\/\/fito-gr.moskout-scientific.com\/wp\/wp-content\/uploads\/2021\/02\/juan-i-riera-Xh8wy0jin1I-unsplash-filtro-2048x1365.jpg",2048,1365,true],"illdy-blog-list":["https:\/\/fito-gr.moskout-scientific.com\/wp\/wp-content\/uploads\/2021\/02\/juan-i-riera-Xh8wy0jin1I-unsplash-filtro-750x500.jpg",750,500,true],"illdy-widget-recent-posts":["https:\/\/fito-gr.moskout-scientific.com\/wp\/wp-content\/uploads\/2021\/02\/juan-i-riera-Xh8wy0jin1I-unsplash-filtro-70x70.jpg",70,70,true],"illdy-blog-post-related-articles":["https:\/\/fito-gr.moskout-scientific.com\/wp\/wp-content\/uploads\/2021\/02\/juan-i-riera-Xh8wy0jin1I-unsplash-filtro-240x206.jpg",240,206,true],"illdy-front-page-latest-news":["https:\/\/fito-gr.moskout-scientific.com\/wp\/wp-content\/uploads\/2021\/02\/juan-i-riera-Xh8wy0jin1I-unsplash-filtro-250x213.jpg",250,213,true],"illdy-front-page-testimonials":["https:\/\/fito-gr.moskout-scientific.com\/wp\/wp-content\/uploads\/2021\/02\/juan-i-riera-Xh8wy0jin1I-unsplash-filtro-127x127.jpg",127,127,true],"illdy-front-page-projects":["https:\/\/fito-gr.moskout-scientific.com\/wp\/wp-content\/uploads\/2021\/02\/juan-i-riera-Xh8wy0jin1I-unsplash-filtro-476x476.jpg",476,476,true],"illdy-front-page-person":["https:\/\/fito-gr.moskout-scientific.com\/wp\/wp-content\/uploads\/2021\/02\/juan-i-riera-Xh8wy0jin1I-unsplash-filtro-125x125.jpg",125,125,true],"form-edit-image-preview":["https:\/\/fito-gr.moskout-scientific.com\/wp\/wp-content\/uploads\/2021\/02\/juan-i-riera-Xh8wy0jin1I-unsplash-filtro-scaled.jpg",174,116,false]},"uagb_author_info":{"display_name":"adm-fito-gr","author_link":"https:\/\/fito-gr.moskout-scientific.com\/wp\/author\/adm-fito-gr\/"},"uagb_comment_info":0,"uagb_excerpt":null,"_links":{"self":[{"href":"https:\/\/fito-gr.moskout-scientific.com\/wp\/wp-json\/wp\/v2\/pages\/163","targetHints":{"allow":["GET"]}}],"collection":[{"href":"https:\/\/fito-gr.moskout-scientific.com\/wp\/wp-json\/wp\/v2\/pages"}],"about":[{"href":"https:\/\/fito-gr.moskout-scientific.com\/wp\/wp-json\/wp\/v2\/types\/page"}],"author":[{"embeddable":true,"href":"https:\/\/fito-gr.moskout-scientific.com\/wp\/wp-json\/wp\/v2\/users\/1"}],"replies":[{"embeddable":true,"href":"https:\/\/fito-gr.moskout-scientific.com\/wp\/wp-json\/wp\/v2\/comments?post=163"}],"version-history":[{"count":42,"href":"https:\/\/fito-gr.moskout-scientific.com\/wp\/wp-json\/wp\/v2\/pages\/163\/revisions"}],"predecessor-version":[{"id":318,"href":"https:\/\/fito-gr.moskout-scientific.com\/wp\/wp-json\/wp\/v2\/pages\/163\/revisions\/318"}],"wp:featuredmedia":[{"embeddable":true,"href":"https:\/\/fito-gr.moskout-scientific.com\/wp\/wp-json\/wp\/v2\/media\/258"}],"wp:attachment":[{"href":"https:\/\/fito-gr.moskout-scientific.com\/wp\/wp-json\/wp\/v2\/media?parent=163"}],"curies":[{"name":"wp","href":"https:\/\/api.w.org\/{rel}","templated":true}]}}