{"id":39,"date":"2021-02-22T12:17:37","date_gmt":"2021-02-22T12:17:37","guid":{"rendered":"http:\/\/fito-gr.moskout-scientific.com\/wp\/?page_id=39"},"modified":"2021-02-25T19:48:19","modified_gmt":"2021-02-25T19:48:19","slug":"produtos","status":"publish","type":"page","link":"https:\/\/fito-gr.moskout-scientific.com\/wp\/produtos\/","title":{"rendered":"PRODUTOS"},"content":{"rendered":"\n<p>\u00c9 na vila de Campo Maior, em pleno Alentejo, que \u00e9 poss\u00edvel visitar a Loja Fito GR (espa\u00e7o f\u00edsico), criada, h\u00e1 d\u00e9cadas, por uma fam\u00edlia conhecida pelo seu neg\u00f3cio das Ra\u00e7\u00f5es e Azeitona.<\/p>\n\n\n\n<p>Com o objetivo de chegar, n\u00e3o s\u00f3 aos clientes habituais, mas a todos os lares que nos queiram abrir as suas portas, decidimos juntar o melhor dos produtos que comercializamos, o\u00a0<em>ex-l\u00edbris<\/em>\u00a0de produtos pertencentes a v\u00e1rios distribuidores locais, e assim nasceu este novo rebento: a nossa loja on-line, uma loja alentejana recheada com tudo de bom que por aqui se faz! Uma loja que permite, n\u00e3o s\u00f3 \u00e0s fam\u00edlias portuguesas, mas a fam\u00edlias de outros pa\u00edses provarem e consumirem aquilo que \u00e9 nosso. Porque algo t\u00e3o bom n\u00e3o dever\u00e1 ficar apenas em Portugal!<\/p>\n\n\n\n<div class=\"wp-block-ugb-columns ugb-columns ugb-81196e2 ugb-columns--design-plain ugb-columns--columns-3 ugb-main-block\"><div class=\"ugb-inner-block\"><div class=\"ugb-block-content\"><div class=\"ugb-columns__item ugb-81196e2-content-wrapper\">\n<div class=\"wp-block-ugb-column ugb-column ugb-c4f0811 ugb-column--design-plain ugb-main-block\"><div class=\"ugb-inner-block\"><div class=\"ugb-block-content\"><div class=\"ugb-column__item ugb-c4f0811-column-wrapper\"><div class=\"ugb-column__content-wrapper\">\n<div class=\"wp-block-uagb-info-box uagb-infobox__outer-wrap uagb-block-b722b4ef\"><div class=\"uagb-infobox__content-wrap uagb-infobox uagb-infobox-has-icon uagb-infobox-icon-above-title uagb-infobox-image-valign-top uagb-infobox-enable-border-radius \"><div class=\"uagb-ifb-left-right-wrap\"><div class=\"uagb-ifb-content\"><div class=\"uagb-ifb-image-icon-content uagb-ifb-imgicon-wrap\"><div class=\"uagb-ifb-icon-wrap\"><span class=\"uagb-ifb-icon\"><svg xmlns=\"http:\/\/www.w3.org\/2000\/svg\" viewbox=\"0 0 512 512\"><path d=\"M507.31 72.57L439.43 4.69c-6.25-6.25-16.38-6.25-22.63 0l-22.63 22.63c-6.25 6.25-6.25 16.38 0 22.63l-76.67 76.67c-46.58-19.7-102.4-10.73-140.37 27.23L18.75 312.23c-24.99 24.99-24.99 65.52 0 90.51l90.51 90.51c24.99 24.99 65.52 24.99 90.51 0l158.39-158.39c37.96-37.96 46.93-93.79 27.23-140.37l76.67-76.67c6.25 6.25 16.38 6.25 22.63 0l22.63-22.63c6.24-6.24 6.24-16.37-.01-22.62zM179.22 423.29l-90.51-90.51 122.04-122.04 90.51 90.51-122.04 122.04z\"><\/path><\/svg><\/span><\/div><\/div><div class=\"uagb-ifb-title-wrap\"><h3 class=\"uagb-ifb-title\">Azeite<\/h3><\/div><div class=\"uagb-ifb-separator-parent\"><div class=\"uagb-ifb-separator\"><\/div><\/div><div class=\"uagb-ifb-text-wrap\"><p class=\"uagb-ifb-desc\">Garrafas e Garraf\u00f5es<\/p><\/div><\/div><\/div><\/div><\/div>\n<\/div><\/div><\/div><\/div><\/div>\n\n\n\n<div class=\"wp-block-ugb-column ugb-column ugb-cdb5b19 ugb-column--design-plain ugb-main-block\"><div class=\"ugb-inner-block\"><div class=\"ugb-block-content\"><div class=\"ugb-column__item ugb-cdb5b19-column-wrapper\"><div class=\"ugb-column__content-wrapper\">\n<div class=\"wp-block-uagb-info-box uagb-infobox__outer-wrap uagb-block-812a6b99\"><div class=\"uagb-infobox__content-wrap uagb-infobox uagb-infobox-has-icon uagb-infobox-icon-above-title uagb-infobox-image-valign-top uagb-infobox-enable-border-radius \"><div class=\"uagb-ifb-left-right-wrap\"><div class=\"uagb-ifb-content\"><div class=\"uagb-ifb-image-icon-content uagb-ifb-imgicon-wrap\"><div class=\"uagb-ifb-icon-wrap\"><span class=\"uagb-ifb-icon\"><svg xmlns=\"http:\/\/www.w3.org\/2000\/svg\" viewbox=\"0 0 448 512\"><path d=\"M276.2 150.5v.7C258.3 98.6 233.6 47.8 205.4 0c43.3 29.2 67 100 70.8 150.5zm32.7 121.7c7.6 18.2 11 37.5 11 57 0 77.7-57.8 141-137.8 139.4l3.8-.3c74.2-46.7 109.3-118.6 109.3-205.1 0-38.1-6.5-75.9-18.9-112 1 11.7 1 23.7 1 35.4 0 91.8-18.1 241.6-116.6 280C95 455.2 49.4 398 49.4 329.2c0-75.6 57.4-142.3 135.4-142.3 16.8 0 33.7 3.1 49.1 9.6 1.7-15.1 6.5-29.9 13.4-43.3-19.9-7.2-41.2-10.7-62.5-10.7-161.5 0-238.7 195.9-129.9 313.7 67.9 74.6 192 73.9 259.8 0 56.6-61.3 60.9-142.4 36.4-201-12.7 8-27.1 13.9-42.2 17zM418.1 11.7c-31 66.5-81.3 47.2-115.8 80.1-12.4 12-20.6 34-20.6 50.5 0 14.1 4.5 27.1 12 38.8 47.4-11 98.3-46 118.2-90.7-.7 5.5-4.8 14.4-7.2 19.2-20.3 35.7-64.6 65.6-99.7 84.9 14.8 14.4 33.7 25.8 55 25.8 79 0 110.1-134.6 58.1-208.6z\"><\/path><\/svg><\/span><\/div><\/div><div class=\"uagb-ifb-title-wrap\"><h3 class=\"uagb-ifb-title\">Azeitonas<\/h3><\/div><div class=\"uagb-ifb-separator-parent\"><div class=\"uagb-ifb-separator\"><\/div><\/div><div class=\"uagb-ifb-text-wrap\"><p class=\"uagb-ifb-desc\">Retalhadas, Britadas ou Galegas<\/p><\/div><\/div><\/div><\/div><\/div>\n<\/div><\/div><\/div><\/div><\/div>\n\n\n\n<div class=\"wp-block-ugb-column ugb-column ugb-6e93db9 ugb-column--design-plain ugb-main-block\"><div class=\"ugb-inner-block\"><div class=\"ugb-block-content\"><div class=\"ugb-column__item ugb-6e93db9-column-wrapper\"><div class=\"ugb-column__content-wrapper\">\n<div class=\"wp-block-uagb-info-box uagb-infobox__outer-wrap uagb-block-1f6b0b2a\"><div class=\"uagb-infobox__content-wrap uagb-infobox uagb-infobox-has-icon uagb-infobox-icon-above-title uagb-infobox-image-valign-top uagb-infobox-enable-border-radius \"><div class=\"uagb-ifb-left-right-wrap\"><div class=\"uagb-ifb-content\"><div class=\"uagb-ifb-image-icon-content uagb-ifb-imgicon-wrap\"><div class=\"uagb-ifb-icon-wrap\"><span class=\"uagb-ifb-icon\"><svg xmlns=\"http:\/\/www.w3.org\/2000\/svg\" viewbox=\"0 0 576 512\"><path d=\"M575.81 217.98C572.64 157.41 518.28 112 457.63 112h-9.37c-52.82 0-104.25-16.25-147.74-46.24-41.99-28.96-96.04-41.62-153.21-28.7C129.3 41.12-.08 78.24 0 224c.04 70.95 38.68 132.8 95.99 166.01V464c0 8.84 7.16 16 16 16h16c8.84 0 16-7.16 16-16v-54.26c15.36 3.96 31.4 6.26 48 6.26 5.44 0 10.68-.73 16-1.18V464c0 8.84 7.16 16 16 16h16c8.84 0 16-7.16 16-16v-59.43c14.24-5.06 27.88-11.39 40.34-19.51C342.07 355.25 393.86 336 448.46 336c25.48 0 16.01-.31 23.05-.78l74.41 136.44c2.86 5.23 8.3 8.34 14.05 8.34 1.31 0 2.64-.16 3.95-.5 7.09-1.8 12.05-8.19 12.05-15.5 0 0 .14-240.24-.16-246.02zM463.97 248c-13.25 0-24-10.75-24-24 0-13.26 10.75-24 24-24s24 10.74 24 24c0 13.25-10.75 24-24 24zm80 153.25l-39.86-73.08c15.12-5.83 28.73-14.6 39.86-25.98v99.06z\"><\/path><\/svg><\/span><\/div><\/div><div class=\"uagb-ifb-title-wrap\"><h3 class=\"uagb-ifb-title\">Ra\u00e7\u00f5es<\/h3><\/div><div class=\"uagb-ifb-separator-parent\"><div class=\"uagb-ifb-separator\"><\/div><\/div><div class=\"uagb-ifb-text-wrap\"><p class=\"uagb-ifb-desc\">V\u00e1rios tipos de animais<\/p><\/div><\/div><\/div><\/div><\/div>\n<\/div><\/div><\/div><\/div><\/div>\n<\/div><\/div><\/div><\/div>\n","protected":false},"excerpt":{"rendered":"<p>\u00c9 na vila de Campo Maior, em pleno Alentejo, que \u00e9 poss\u00edvel visitar a Loja Fito GR (espa\u00e7o f\u00edsico), criada, h\u00e1 d\u00e9cadas, por uma fam\u00edlia conhecida pelo seu neg\u00f3cio das Ra\u00e7\u00f5es e Azeitona. Com o objetivo de chegar, n\u00e3o s\u00f3 aos clientes habituais, mas a todos os lares que nos queiram abrir as suas portas, [&hellip;]<\/p>\n","protected":false},"author":1,"featured_media":191,"parent":0,"menu_order":0,"comment_status":"closed","ping_status":"closed","template":"page-templates\/no-sidebar.php","meta":{"footnotes":""},"class_list":["post-39","page","type-page","status-publish","has-post-thumbnail","hentry"],"featured_image_urls":{"full":["https:\/\/fito-gr.moskout-scientific.com\/wp\/wp-content\/uploads\/2021\/02\/vincent-eisfeld-hLP3LHQVTfc-unsplash-filtros-scaled.jpg",2560,1707,false],"thumbnail":["https:\/\/fito-gr.moskout-scientific.com\/wp\/wp-content\/uploads\/2021\/02\/vincent-eisfeld-hLP3LHQVTfc-unsplash-filtros-150x150.jpg",150,150,true],"medium":["https:\/\/fito-gr.moskout-scientific.com\/wp\/wp-content\/uploads\/2021\/02\/vincent-eisfeld-hLP3LHQVTfc-unsplash-filtros-300x200.jpg",300,200,true],"medium_large":["https:\/\/fito-gr.moskout-scientific.com\/wp\/wp-content\/uploads\/2021\/02\/vincent-eisfeld-hLP3LHQVTfc-unsplash-filtros-768x512.jpg",640,427,true],"large":["https:\/\/fito-gr.moskout-scientific.com\/wp\/wp-content\/uploads\/2021\/02\/vincent-eisfeld-hLP3LHQVTfc-unsplash-filtros-1024x683.jpg",640,427,true],"1536x1536":["https:\/\/fito-gr.moskout-scientific.com\/wp\/wp-content\/uploads\/2021\/02\/vincent-eisfeld-hLP3LHQVTfc-unsplash-filtros-1536x1024.jpg",1536,1024,true],"2048x2048":["https:\/\/fito-gr.moskout-scientific.com\/wp\/wp-content\/uploads\/2021\/02\/vincent-eisfeld-hLP3LHQVTfc-unsplash-filtros-2048x1365.jpg",2048,1365,true],"illdy-blog-list":["https:\/\/fito-gr.moskout-scientific.com\/wp\/wp-content\/uploads\/2021\/02\/vincent-eisfeld-hLP3LHQVTfc-unsplash-filtros-750x500.jpg",750,500,true],"illdy-widget-recent-posts":["https:\/\/fito-gr.moskout-scientific.com\/wp\/wp-content\/uploads\/2021\/02\/vincent-eisfeld-hLP3LHQVTfc-unsplash-filtros-70x70.jpg",70,70,true],"illdy-blog-post-related-articles":["https:\/\/fito-gr.moskout-scientific.com\/wp\/wp-content\/uploads\/2021\/02\/vincent-eisfeld-hLP3LHQVTfc-unsplash-filtros-240x206.jpg",240,206,true],"illdy-front-page-latest-news":["https:\/\/fito-gr.moskout-scientific.com\/wp\/wp-content\/uploads\/2021\/02\/vincent-eisfeld-hLP3LHQVTfc-unsplash-filtros-250x213.jpg",250,213,true],"illdy-front-page-testimonials":["https:\/\/fito-gr.moskout-scientific.com\/wp\/wp-content\/uploads\/2021\/02\/vincent-eisfeld-hLP3LHQVTfc-unsplash-filtros-127x127.jpg",127,127,true],"illdy-front-page-projects":["https:\/\/fito-gr.moskout-scientific.com\/wp\/wp-content\/uploads\/2021\/02\/vincent-eisfeld-hLP3LHQVTfc-unsplash-filtros-476x476.jpg",476,476,true],"illdy-front-page-person":["https:\/\/fito-gr.moskout-scientific.com\/wp\/wp-content\/uploads\/2021\/02\/vincent-eisfeld-hLP3LHQVTfc-unsplash-filtros-125x125.jpg",125,125,true],"form-edit-image-preview":["https:\/\/fito-gr.moskout-scientific.com\/wp\/wp-content\/uploads\/2021\/02\/vincent-eisfeld-hLP3LHQVTfc-unsplash-filtros-scaled.jpg",174,116,false]},"post_excerpt_stackable":"<p>\u00c9 na vila de Campo Maior, em pleno Alentejo, que \u00e9 poss\u00edvel visitar a Loja Fito GR (espa\u00e7o f\u00edsico), criada, h\u00e1 d\u00e9cadas, por uma fam\u00edlia conhecida pelo seu neg\u00f3cio das Ra\u00e7\u00f5es e Azeitona. Com o objetivo de chegar, n\u00e3o s\u00f3 aos clientes habituais, mas a todos os lares que nos queiram abrir as suas portas, decidimos juntar o melhor dos produtos que comercializamos, o\u00a0ex-l\u00edbris\u00a0de produtos pertencentes a v\u00e1rios distribuidores locais, e assim nasceu este novo rebento: a nossa loja on-line, uma loja alentejana recheada com tudo de bom que por aqui se faz! Uma loja que permite, n\u00e3o s\u00f3 \u00e0s&hellip;<\/p>\n","category_list":"","author_info":{"name":"adm-fito-gr","url":"https:\/\/fito-gr.moskout-scientific.com\/wp\/author\/adm-fito-gr\/"},"comments_num":"0 comments","uagb_featured_image_src":{"full":["https:\/\/fito-gr.moskout-scientific.com\/wp\/wp-content\/uploads\/2021\/02\/vincent-eisfeld-hLP3LHQVTfc-unsplash-filtros-scaled.jpg",2560,1707,false],"thumbnail":["https:\/\/fito-gr.moskout-scientific.com\/wp\/wp-content\/uploads\/2021\/02\/vincent-eisfeld-hLP3LHQVTfc-unsplash-filtros-150x150.jpg",150,150,true],"medium":["https:\/\/fito-gr.moskout-scientific.com\/wp\/wp-content\/uploads\/2021\/02\/vincent-eisfeld-hLP3LHQVTfc-unsplash-filtros-300x200.jpg",300,200,true],"medium_large":["https:\/\/fito-gr.moskout-scientific.com\/wp\/wp-content\/uploads\/2021\/02\/vincent-eisfeld-hLP3LHQVTfc-unsplash-filtros-768x512.jpg",640,427,true],"large":["https:\/\/fito-gr.moskout-scientific.com\/wp\/wp-content\/uploads\/2021\/02\/vincent-eisfeld-hLP3LHQVTfc-unsplash-filtros-1024x683.jpg",640,427,true],"1536x1536":["https:\/\/fito-gr.moskout-scientific.com\/wp\/wp-content\/uploads\/2021\/02\/vincent-eisfeld-hLP3LHQVTfc-unsplash-filtros-1536x1024.jpg",1536,1024,true],"2048x2048":["https:\/\/fito-gr.moskout-scientific.com\/wp\/wp-content\/uploads\/2021\/02\/vincent-eisfeld-hLP3LHQVTfc-unsplash-filtros-2048x1365.jpg",2048,1365,true],"illdy-blog-list":["https:\/\/fito-gr.moskout-scientific.com\/wp\/wp-content\/uploads\/2021\/02\/vincent-eisfeld-hLP3LHQVTfc-unsplash-filtros-750x500.jpg",750,500,true],"illdy-widget-recent-posts":["https:\/\/fito-gr.moskout-scientific.com\/wp\/wp-content\/uploads\/2021\/02\/vincent-eisfeld-hLP3LHQVTfc-unsplash-filtros-70x70.jpg",70,70,true],"illdy-blog-post-related-articles":["https:\/\/fito-gr.moskout-scientific.com\/wp\/wp-content\/uploads\/2021\/02\/vincent-eisfeld-hLP3LHQVTfc-unsplash-filtros-240x206.jpg",240,206,true],"illdy-front-page-latest-news":["https:\/\/fito-gr.moskout-scientific.com\/wp\/wp-content\/uploads\/2021\/02\/vincent-eisfeld-hLP3LHQVTfc-unsplash-filtros-250x213.jpg",250,213,true],"illdy-front-page-testimonials":["https:\/\/fito-gr.moskout-scientific.com\/wp\/wp-content\/uploads\/2021\/02\/vincent-eisfeld-hLP3LHQVTfc-unsplash-filtros-127x127.jpg",127,127,true],"illdy-front-page-projects":["https:\/\/fito-gr.moskout-scientific.com\/wp\/wp-content\/uploads\/2021\/02\/vincent-eisfeld-hLP3LHQVTfc-unsplash-filtros-476x476.jpg",476,476,true],"illdy-front-page-person":["https:\/\/fito-gr.moskout-scientific.com\/wp\/wp-content\/uploads\/2021\/02\/vincent-eisfeld-hLP3LHQVTfc-unsplash-filtros-125x125.jpg",125,125,true],"form-edit-image-preview":["https:\/\/fito-gr.moskout-scientific.com\/wp\/wp-content\/uploads\/2021\/02\/vincent-eisfeld-hLP3LHQVTfc-unsplash-filtros-scaled.jpg",174,116,false]},"uagb_author_info":{"display_name":"adm-fito-gr","author_link":"https:\/\/fito-gr.moskout-scientific.com\/wp\/author\/adm-fito-gr\/"},"uagb_comment_info":0,"uagb_excerpt":"\u00c9 na vila de Campo Maior, em pleno Alentejo, que \u00e9 poss\u00edvel visitar a Loja Fito GR (espa\u00e7o f\u00edsico), criada, h\u00e1 d\u00e9cadas, por uma fam\u00edlia conhecida pelo seu neg\u00f3cio das Ra\u00e7\u00f5es e Azeitona. Com o objetivo de chegar, n\u00e3o s\u00f3 aos clientes habituais, mas a todos os lares que nos queiram abrir as suas portas,&hellip;","_links":{"self":[{"href":"https:\/\/fito-gr.moskout-scientific.com\/wp\/wp-json\/wp\/v2\/pages\/39","targetHints":{"allow":["GET"]}}],"collection":[{"href":"https:\/\/fito-gr.moskout-scientific.com\/wp\/wp-json\/wp\/v2\/pages"}],"about":[{"href":"https:\/\/fito-gr.moskout-scientific.com\/wp\/wp-json\/wp\/v2\/types\/page"}],"author":[{"embeddable":true,"href":"https:\/\/fito-gr.moskout-scientific.com\/wp\/wp-json\/wp\/v2\/users\/1"}],"replies":[{"embeddable":true,"href":"https:\/\/fito-gr.moskout-scientific.com\/wp\/wp-json\/wp\/v2\/comments?post=39"}],"version-history":[{"count":8,"href":"https:\/\/fito-gr.moskout-scientific.com\/wp\/wp-json\/wp\/v2\/pages\/39\/revisions"}],"predecessor-version":[{"id":340,"href":"https:\/\/fito-gr.moskout-scientific.com\/wp\/wp-json\/wp\/v2\/pages\/39\/revisions\/340"}],"wp:featuredmedia":[{"embeddable":true,"href":"https:\/\/fito-gr.moskout-scientific.com\/wp\/wp-json\/wp\/v2\/media\/191"}],"wp:attachment":[{"href":"https:\/\/fito-gr.moskout-scientific.com\/wp\/wp-json\/wp\/v2\/media?parent=39"}],"curies":[{"name":"wp","href":"https:\/\/api.w.org\/{rel}","templated":true}]}}